{"id":90,"date":"2017-04-24T17:39:23","date_gmt":"2017-04-24T17:39:23","guid":{"rendered":"https:\/\/con5sentidos.com\/nueva\/?page_id=90"},"modified":"2023-07-24T13:20:54","modified_gmt":"2023-07-24T11:20:54","slug":"politica-de-privacidad","status":"publish","type":"page","link":"https:\/\/con5sentidos.com\/?page_id=90","title":{"rendered":"Pol\u00edtica de privacidad"},"content":{"rendered":"<p><b>POL\u00cdTICA DE PRIVACIDAD<\/b><\/p>\n<p><span style=\"font-weight: 400;\">Conforme a lo previsto en\u00a0<\/span><b>la LOPD<\/b><span style=\"font-weight: 400;\">, y el Reglamento General (UE) Sobre Protecci\u00f3n de Datos (<\/span><b>RGPD<\/b><span style=\"font-weight: 400;\">), la presente Pol\u00edtica de Privacidad ser\u00e1 v\u00e1lida \u00fanicamente para los datos de car\u00e1cter personal obtenidos en\u00a0<\/span><a href=\"http:\/\/www.con5sentidos.com\/\"><span style=\"font-weight: 400;\">con5sentidos.com<\/span><\/a><span style=\"font-weight: 400;\">.<\/span><\/p>\n<p><b>\u00a0Responsable del fichero, y encargados del tratamiento.<\/b><\/p>\n<p>El responsable del fichero y encargado del tratamiento de datos es el titular de la web que se indica en el <a href=\"https:\/\/con5sentidos.com\/?page_id=88\">Aviso Legal<\/a>.<\/p>\n<p><b>Datos personales solicitados y formas de captura<\/b><\/p>\n<p><b>CON 5 SENTIDOS <\/b><span style=\"font-weight: 400;\">tendr\u00e1 acceso a su nombre completo, email, DNI, domicilio y\/o dem\u00e1s datos necesarios que se hayan solicitado para iniciar o continuar con la relaci\u00f3n profesional o comercial que como usuario usted solicite.\u00a0Los datos recabados en ning\u00fan momento tienen la categor\u00eda de protegidos, sino que son\u00a0<\/span><b>datos identificativos.<\/b><\/p>\n<p><span style=\"font-weight: 400;\">La captura de informaci\u00f3n en\u00a0<\/span><a href=\"http:\/\/www.con5sentidos.com\/\"><span style=\"font-weight: 400;\">con5sentidos.com<\/span><\/a><span style=\"font-weight: 400;\">\u00a0se produce usando los siguientes m\u00e9todos:<\/span><\/p>\n<ul>\n<li style=\"font-weight: 400;\"><span style=\"font-weight: 400;\">Formulario de contacto.<\/span><\/li>\n<li style=\"font-weight: 400;\"><span style=\"font-weight: 400;\">Cookies de rastreo, donde se recopila la direcci\u00f3n IP del usuario, fecha y hora de acceso, la p\u00e1gina web desde la que accede, su sistema operativo y el navegador que est\u00e1 usando.<\/span><\/li>\n<\/ul>\n<p><span style=\"font-weight: 400;\">Conservaremos sus datos durante el\u00a0<\/span><b>tiempo legalmente establecido<\/b><span style=\"font-weight: 400;\">\u00a0o\u00a0<\/span><b>hasta que usted como usuario solicite eliminarlos.<\/b><\/p>\n<p><span style=\"font-weight: 400;\">Usted es el \u00fanico responsable de la veracidad y exactitud de los datos facilitados a trav\u00e9s de los formularios web,\u00a0<\/span><b>CON 5 SENTIDOS, <\/b><span style=\"font-weight: 400;\">no tiene ning\u00fan tipo de responsabilidad al respecto.<\/span><\/p>\n<p><b>Finalidad<\/b><\/p>\n<p><span style=\"font-weight: 400;\">La \u00fanica finalidad que tiene el recoger y conservar sus datos personales es el env\u00edo de comunicaciones electr\u00f3nicas y la gesti\u00f3n comercial y laboral de productos y servicios.<\/span><\/p>\n<p><span style=\"font-weight: 400;\">En concreto la informaci\u00f3n enviada ser\u00e1 del siguiente tipo:<\/span><\/p>\n<ul>\n<li style=\"font-weight: 400;\"><span style=\"font-weight: 400;\">Boletines informativos y promocionales acerca de nuestras actividades, promociones exclusivas, servicios y productos (newsletters).<\/span><\/li>\n<li style=\"font-weight: 400;\"><span style=\"font-weight: 400;\">Invitaciones personalizadas e informaci\u00f3n sobre eventos empresariales y culturales, tanto propios, como de colaboradores y clientes de\u00a0<\/span><b>CON 5 SENTIDOS.<\/b><\/li>\n<li style=\"font-weight: 400;\"><span style=\"font-weight: 400;\">Recomendaciones especiales acerca de productos o servicios de inter\u00e9s general y\/o cultural ofrecidos por otras empresas no vinculadas profesionalmente a\u00a0<\/span><b>CON 5 SENTIDOS <\/b><span style=\"font-weight: 400;\">pero que gozan de la m\u00e1xima confianza y prestigio profesional.<\/span><\/li>\n<li style=\"font-weight: 400;\"><span style=\"font-weight: 400;\">Informar de nuevas entradas (art\u00edculos) en nuestra revista cultural y blog corporativo Con 5 Sentidos, ubicado en el dominio\u00a0<\/span><b>https:\/\/con5sentidos.com.<\/b><\/li>\n<li style=\"font-weight: 400;\"><span style=\"font-weight: 400;\">Correspondencia necesaria para desarrollar la venta de nuestros productos y servicios.<\/span><b>\u00a0<\/b><\/li>\n<\/ul>\n<p><b>Legitimizaci\u00f3n y consentimiento<\/b><\/p>\n<p><span style=\"font-weight: 400;\">Seg\u00fan dispone\u00a0<\/span><b>la LOPD<\/b><span style=\"font-weight: 400;\">, y el Reglamento General (UE) Sobre Protecci\u00f3n de Datos (<\/span><b>RGPD<\/b><span style=\"font-weight: 400;\">), mediante la aceptaci\u00f3n de la presente\u00a0<\/span><b>pol\u00edtica de privacidad<\/b><span style=\"font-weight: 400;\">\u00a0usted como usuario de nuestra web presta su consentimiento informado, expreso, libre e inequ\u00edvoco para que los datos personales que proporcione a trav\u00e9s de\u00a0<\/span><a href=\"http:\/\/www.con5sentidos.com\/\"><span style=\"font-weight: 400;\">con5sentidos.com<\/span><\/a><span style=\"font-weight: 400;\">\u00a0sean incluidos en un fichero que est\u00e1 debidamente inscrito en el Registro General de la\u00a0<\/span><a href=\"http:\/\/www.agpd.es\/\"><span style=\"font-weight: 400;\">Agencia Espa\u00f1ola de Protecci\u00f3n de Datos<\/span><\/a><span style=\"font-weight: 400;\">\u00a0con el nombre de \u201cSUSCRIPTORES-CLIENTES CON 5 SENTIDOS\u201d del que\u00a0<\/span><b>CON 5 SENTIDOS <\/b><span style=\"font-weight: 400;\">es responsable.<\/span><\/p>\n<p><span style=\"font-weight: 400;\">El\u00a0<\/span><b>consentimiento<\/b><span style=\"font-weight: 400;\">\u00a0es un requisito obligatorio. Al suscribirse a nuestra newsletter informativa promocional, comprar un producto, rellenar nuestro formulario de contacto o hacer un comentario en la web, debe comprender y aceptar nuestra pol\u00edtica de privacidad marcando la casilla correspondiente en los formularios de la web dispuestos para cada caso concreto.<\/span><\/p>\n<p><b>Ejercicio de Acceso, Rectificaci\u00f3n, Cancelaci\u00f3n y Oposici\u00f3n<\/b><\/p>\n<p><span style=\"font-weight: 400;\">Como usuario que ha facilitado sus datos a\u00a0<\/span><b>CON 5 SENTIDOS <\/b><span style=\"font-weight: 400;\">podr\u00e1 dirigirse a nosotros, con el fin de poder ejercitar gratuitamente sus derechos de acceso, rectificaci\u00f3n, cancelaci\u00f3n y oposici\u00f3n respecto de los datos incorporados en sus ficheros.<\/span><\/p>\n<p><span style=\"font-weight: 400;\">Para ejercer sus\u00a0<\/span><b>derechos de oposici\u00f3n, rectificaci\u00f3n o cancelaci\u00f3n<\/b><span style=\"font-weight: 400;\"> deber\u00e1 dirigirse a la sede de\u00a0<\/span><b>CON 5 SENTIDOS<\/b><span style=\"font-weight: 400;\">, escribirnos al siguiente correo\u00a0<\/span><a href=\"http:\/\/info@con5sentidos.com\"><span style=\"font-weight: 400;\">info@con5sentidos.com<\/span><\/a><span style=\"font-weight: 400;\"> o llamarnos al 625 284 894.<\/span><\/p>\n<p><span style=\"font-weight: 400;\">El m\u00e9todo m\u00e1s r\u00e1pido y sencillo ser\u00eda accediendo en su cuenta de usuario directamente y modificar sus datos o borrar su cuenta de usuario. Su informaci\u00f3n como usuario necesita seguir almacenada, en lugar de ser borrada, pues en virtud de una obligaci\u00f3n legal o contractual puede ser solicitada, pero ser\u00e1 bloqueada y s\u00f3lo utilizada para dichos fines legales.<\/span><\/p>\n<p><b>Cumplimiento de la normativa de aplicaci\u00f3n<\/b><\/p>\n<p><b>CON 5 SENTIDOS <\/b><span style=\"font-weight: 400;\">cumple con las directrices de la Ley Org\u00e1nica 15\/1999 de 13 de diciembre de Protecci\u00f3n de Datos de Car\u00e1cter Personal, el Real Decreto 1720\/2007 de 21 de diciembre por el que se aprueba el Reglamento de desarrollo de dicha Ley Org\u00e1nica y dem\u00e1s normativa vigente y de aplicaci\u00f3n en cada momento, velando por garantizar un correcto uso y tratamiento de los datos personales del usuario.<\/span><\/p>\n<p><span style=\"font-weight: 400;\">Por tanto,\u00a0<\/span><b>CON 5 SENTIDOS <\/b><span style=\"font-weight: 400;\">en cumplimiento a la Ley 34\/2002 de 11 de julio, de Servicios de la Sociedad de la Informaci\u00f3n y el Comercio Electr\u00f3nico, siempre le solicitar\u00e1 su consentimiento para el uso de su correo electr\u00f3nico con fines comerciales en cada momento.<\/span><\/p>\n<p><span style=\"font-weight: 400;\">A partir del 25 de mayo de 2018,\u00a0<\/span><b>CON 5 SENTIDOS <\/b><span style=\"font-weight: 400;\">se regir\u00e1 por la normativa que entrar\u00e1 en aplicaci\u00f3n: el Reglamento General sobre Protecci\u00f3n de Datos (RGPD) de la Uni\u00f3n Europea.<\/span><\/p>\n<p><b>Seguridad<\/b><\/p>\n<p><span style=\"font-weight: 400;\">Conforme a lo previsto en\u00a0<\/span><b>la LOPD<\/b><span style=\"font-weight: 400;\">, y el Reglamento General (UE) Sobre Protecci\u00f3n de Datos (RGPD),\u00a0<\/span><b>CON 5 SENTIDOS <\/b><span style=\"font-weight: 400;\">le informa que tienen implantadas todas las medidas de seguridad de \u00edndole t\u00e9cnica y organizativas necesarias para garantizar la seguridad de sus datos de car\u00e1cter personal y evitar su alteraci\u00f3n, p\u00e9rdida y tratamiento y\/o acceso no autorizado.<\/span><\/p>\n<p><span style=\"font-weight: 400;\">Adem\u00e1s,\u00a0<\/span><b>CON 5 SENTIDOS <\/b><span style=\"font-weight: 400;\">ha establecido diversas medidas adicionales dentro de su organizaci\u00f3n que aseguren a\u00fan m\u00e1s la confidencialidad e integridad de la informaci\u00f3n de sus clientes y usuarios web, que conllevan controles mensuales del uso y de la gesti\u00f3n de sus datos privados por nuestra parte.<\/span><\/p>\n<p><span style=\"font-weight: 400;\">Para mayor seguridad, la web dispone de certificado SSL por lo que se garantiza la seguridad de sus datos durante la navegaci\u00f3n.<\/span><\/p>\n<p><b>Enlaces<\/b><\/p>\n<p><span style=\"font-weight: 400;\">Nuestro sitio web puede incluir enlaces a otros sitios que no son controlados por\u00a0<\/span><b>CON 5 SENTIDOS.<\/b><span style=\"font-weight: 400;\">\u00a0Por tanto, no garantizamos, ni nos hacemos responsables de la licitud, fiabilidad, utilidad, veracidad y actualidad de los contenidos de tales sitios web o de sus pr\u00e1cticas de privacidad.<\/span><\/p>\n<p><b>Menores de edad<\/b><\/p>\n<p><span style=\"font-weight: 400;\">La web de\u00a0<\/span><b>CON 5 SENTIDOS <\/b><span style=\"font-weight: 400;\">no est\u00e1 dirigida a menores de edad. Para que un menor use nuestra web es obligatorio el consentimiento de tus padres o tutores por escrito para que podamos tratar sus datos personales.<\/span><\/p>\n<p><span style=\"font-weight: 400;\">Declinamos cualquier responsabilidad por el incumplimiento de este requisito.<\/span><\/p>\n<p><b>Modificaci\u00f3n de la Pol\u00edtica de Privacidad<\/b><\/p>\n<p><b>CON 5 SENTIDOS <\/b><span style=\"font-weight: 400;\">se reserva el derecho a modificar su\u00a0<\/span><b>pol\u00edtica de privacidad<\/b><span style=\"font-weight: 400;\">, por propio criterio, o por un cambio legislativo, jurisprudencial o doctrinal de la Agencia Espa\u00f1ola de Protecci\u00f3n de Datos.<\/span><\/p>\n<p><span style=\"font-weight: 400;\">Cualquier modificaci\u00f3n de la Pol\u00edtica de Privacidad ser\u00e1 publicada 15 d\u00edas antes de su aplicaci\u00f3n. Seguir usando la web implica la aceptaci\u00f3n de esos cambios.<\/span><\/p>\n<p><b>\u00a0Responsable del fichero, y encargados del tratamiento.<\/b><\/p>\n<p><span style=\"font-weight: 400;\">Como ya hemos detallado, el responsable del fichero de datos es el titular de la web.<\/span><\/p>\n<p><span style=\"font-weight: 400;\">Pero para prestar nuestros servicios es necesario ciertas herramientas para el desarrollo de nuestra actividad, y esto implica que\u00a0<\/span><b>CON 5 SENTIDOS<\/b><span style=\"font-weight: 400;\">, comparte datos con los siguientes proveedores bajo sus correspondientes condiciones de privacidad:<\/span><\/p>\n<ul>\n<li style=\"font-weight: 400;\"><span style=\"font-weight: 400;\">El servicio de suscripci\u00f3n por correo electr\u00f3nico y env\u00edo de\u00a0<\/span><i><span style=\"font-weight: 400;\">newsletters<\/span><\/i><span style=\"font-weight: 400;\">, nos la ofrece\u00a0<\/span><b>la compa\u00f1\u00eda norteamericana The Rocket Science Group, LLC\u00a0 (marca comercial\u00a0\u201cMailChimp\u201d), que nos facilita los servicios de suscripci\u00f3n por correo electr\u00f3nico y env\u00edo de newsletters<\/b><b><i>.\u00a0<\/i><\/b><span style=\"font-weight: 400;\">Puede consultar sus pol\u00edticas de privacidad en:\u00a0<\/span><a href=\"http:\/\/mailchimp.com\/legal\/privacy\/\"><span style=\"font-weight: 400;\">http:\/\/mailchimp.com\/legal\/privacy\/<\/span><\/a><b><i>.<\/i><\/b><\/li>\n<li style=\"font-weight: 400;\"><span style=\"font-weight: 400;\">Los servicios de Hosting\u00a0nos los facilita Soluciones Web On Line (Porfesional Hosting).<\/span><\/li>\n<li style=\"font-weight: 400;\"><b>Google Analytics <\/b><span style=\"font-weight: 400;\">es un servicio anal\u00edtico de web prestado por Google, Inc., una compa\u00f1\u00eda de Delaware cuya oficina principal est\u00e1 en 1600 Amphitheatre Parkway, Mountain View (California), CA 94043, Estados Unidos (\u201cGoogle\u201d). Google Analytics utiliza \u201ccookies\u201d, que son archivos de texto ubicados en tu ordenador, para ayudar a artegb.com a analizar el uso que hacen los usuarios del sitio web. La informaci\u00f3n que genera la cookie acerca de su uso de artegb.com (incluyendo tu direcci\u00f3n IP) ser\u00e1 directamente transmitida y archivada por Google en los servidores de Estados Unidos.<\/span><\/li>\n<\/ul>\n","protected":false},"excerpt":{"rendered":"<p>POL\u00cdTICA DE PRIVACIDAD Conforme a lo previsto en\u00a0la LOPD, y el Reglamento General (UE) Sobre Protecci\u00f3n de Datos (RGPD), la presente Pol\u00edtica de Privacidad ser\u00e1 v\u00e1lida \u00fanicamente para los datos de car\u00e1cter personal obtenidos en\u00a0con5sentidos.com. \u00a0Responsable del fichero, y encargados del tratamiento. El responsable del fichero y encargado del tratamiento de datos es el titular [&hellip;]<\/p>\n","protected":false},"author":1,"featured_media":0,"parent":0,"menu_order":0,"comment_status":"closed","ping_status":"closed","template":"","meta":{"footnotes":""},"class_list":["post-90","page","type-page","status-publish","hentry"],"_links":{"self":[{"href":"https:\/\/con5sentidos.com\/index.php?rest_route=\/wp\/v2\/pages\/90","targetHints":{"allow":["GET"]}}],"collection":[{"href":"https:\/\/con5sentidos.com\/index.php?rest_route=\/wp\/v2\/pages"}],"about":[{"href":"https:\/\/con5sentidos.com\/index.php?rest_route=\/wp\/v2\/types\/page"}],"author":[{"embeddable":true,"href":"https:\/\/con5sentidos.com\/index.php?rest_route=\/wp\/v2\/users\/1"}],"replies":[{"embeddable":true,"href":"https:\/\/con5sentidos.com\/index.php?rest_route=%2Fwp%2Fv2%2Fcomments&post=90"}],"version-history":[{"count":5,"href":"https:\/\/con5sentidos.com\/index.php?rest_route=\/wp\/v2\/pages\/90\/revisions"}],"predecessor-version":[{"id":387,"href":"https:\/\/con5sentidos.com\/index.php?rest_route=\/wp\/v2\/pages\/90\/revisions\/387"}],"wp:attachment":[{"href":"https:\/\/con5sentidos.com\/index.php?rest_route=%2Fwp%2Fv2%2Fmedia&parent=90"}],"curies":[{"name":"wp","href":"https:\/\/api.w.org\/{rel}","templated":true}]}}